{"id":294,"date":"2013-03-16T22:33:28","date_gmt":"2013-03-16T21:33:28","guid":{"rendered":"http:\/\/fabian-claude-walter.com\/fcw\/?page_id=294"},"modified":"2020-05-07T22:22:16","modified_gmt":"2020-05-07T20:22:16","slug":"newsletter","status":"publish","type":"page","link":"https:\/\/fabian-claude-walter.com\/en\/contact\/newsletter\/","title":{"rendered":"Newsletter"},"content":{"rendered":"<h2>Subscribe<\/h2>\n<link href=\"\/\/nl.mailxpert.ch\/bundles\/mailxpertcore\/form\/5_0\/style.css\" rel=\"stylesheet\" type=\"text\/css\"\/>\n<script charset=\"UTF-8\" type=\"text\/javascript\" src=\"\/\/nl.mailxpert.ch\/bundles\/mailxpertcore\/form\/5_0\/validation.js\"><\/script><\/p>\n<form data-form-language=\"en\" id=\"contact_form_2_en\"\n      class=\"contact_form contact_form_en validate_type_all contact_form_cols_1\"\n      action=\"\/\/nl.mailxpert.ch\/e\/ffb041cafc198994\/form\/en\/anmelden.html\"\n      method=\"post\"  novalidate=\"novalidate\"><\/p>\n<ul class=\"field_errors\"><\/ul>\n<div class=\"col_0\">\n<div class=\"field_container contact_field_container\"\n     id=\"contact_field_email_container\"><br \/>\n            <label for=\"data_contact_email\">E-mail address    <span class=\"required\">*<\/span><\/label><\/p>\n<ul class=\"field_errors\"><\/ul>\n<p>    <input type=\"text\"     id=\"data_contact_email\" name=\"data[contact][email]\" required=\"required\" >\n<\/div>\n<div class=\"field_container contact_field_container\"\n     id=\"contact_field_title_container\"><br \/>\n            <label for=\"data_contact_title\">Title    <span class=\"required\">*<\/span><\/label><\/p>\n<ul class=\"field_errors\"><\/ul>\n<p>    <select     id=\"data_contact_title\" name=\"data[contact][title]\" required=\"required\"><option value=\"\" selected=\"selected\">&#8212; Please select &#8212;<\/option><option value=\"male\">Mr<\/option><option value=\"female\">Ms<\/option><option value=\"company\">Company<\/option><\/select>\n<\/div>\n<div class=\"field_container contact_field_container\"\n     id=\"contact_field_lastname_container\"><br \/>\n            <label for=\"data_contact_lastname\">Last name    <span class=\"required\">*<\/span><\/label><\/p>\n<ul class=\"field_errors\"><\/ul>\n<p>    <input type=\"text\"     id=\"data_contact_lastname\" name=\"data[contact][lastname]\" required=\"required\" >\n<\/div>\n<div class=\"field_container contact_field_container\"\n     id=\"contact_field_firstname_container\"><br \/>\n            <label for=\"data_contact_firstname\">First name    <span class=\"required\">*<\/span><\/label><\/p>\n<ul class=\"field_errors\"><\/ul>\n<p>    <input type=\"text\"     id=\"data_contact_firstname\" name=\"data[contact][firstname]\" required=\"required\" >\n<\/div>\n<div class=\"field_container contact_field_container\"\n     id=\"contact_field_company_container\"><br \/>\n            <label for=\"data_contact_company\">Company<\/label><\/p>\n<ul class=\"field_errors\"><\/ul>\n<p>    <input type=\"text\"     id=\"data_contact_company\" name=\"data[contact][company]\" >\n<\/div>\n<div class=\"field_container contact_field_container\"\n     id=\"contact_field_country_container\"><br \/>\n            <label for=\"data_contact_country\">Country    <span class=\"required\">*<\/span><\/label><\/p>\n<ul class=\"field_errors\"><\/ul>\n<p>    <select     id=\"data_contact_country\" name=\"data[contact][country]\" required=\"required\"><option value=\"\">Select a country<\/option><option value=\"AT\">Austria<\/option><option value=\"FR\">France<\/option><option value=\"DE\">Germany<\/option><option value=\"IT\">Italy<\/option><option value=\"CH\">Switzerland<\/option><option value=\"GB\">United Kingdom<\/option><option value=\"US\">United States<\/option><option disabled=\"disabled\">&#8212;&#8212;&#8212;&#8212;&#8212;&#8212;-<\/option><option value=\"AF\">Afghanistan<\/option><option value=\"AX\">\u00c5land Islands<\/option><option value=\"AL\">Albania<\/option><option value=\"DZ\">Algeria<\/option><option value=\"AS\">American Samoa<\/option><option value=\"AD\">Andorra<\/option><option value=\"AO\">Angola<\/option><option value=\"AI\">Anguilla<\/option><option value=\"AQ\">Antarctica<\/option><option value=\"AG\">Antigua &amp; Barbuda<\/option><option value=\"AR\">Argentina<\/option><option value=\"AM\">Armenia<\/option><option value=\"AW\">Aruba<\/option><option value=\"AC\">Ascension Island<\/option><option value=\"AU\">Australia<\/option><option value=\"AZ\">Azerbaijan<\/option><option value=\"BS\">Bahamas<\/option><option value=\"BH\">Bahrain<\/option><option value=\"BD\">Bangladesh<\/option><option value=\"BB\">Barbados<\/option><option value=\"BY\">Belarus<\/option><option value=\"BE\">Belgium<\/option><option value=\"BZ\">Belize<\/option><option value=\"BJ\">Benin<\/option><option value=\"BM\">Bermuda<\/option><option value=\"BT\">Bhutan<\/option><option value=\"BO\">Bolivia<\/option><option value=\"BA\">Bosnia &amp; Herzegovina<\/option><option value=\"BW\">Botswana<\/option><option value=\"BR\">Brazil<\/option><option value=\"IO\">British Indian Ocean Territory<\/option><option value=\"VG\">British Virgin Islands<\/option><option value=\"BN\">Brunei<\/option><option value=\"BG\">Bulgaria<\/option><option value=\"BF\">Burkina Faso<\/option><option value=\"BI\">Burundi<\/option><option value=\"KH\">Cambodia<\/option><option value=\"CM\">Cameroon<\/option><option value=\"CA\">Canada<\/option><option value=\"IC\">Canary Islands<\/option><option value=\"CV\">Cape Verde<\/option><option value=\"BQ\">Caribbean Netherlands<\/option><option value=\"KY\">Cayman Islands<\/option><option value=\"CF\">Central African Republic<\/option><option value=\"EA\">Ceuta &amp; Melilla<\/option><option value=\"TD\">Chad<\/option><option value=\"CL\">Chile<\/option><option value=\"CN\">China<\/option><option value=\"CX\">Christmas Island<\/option><option value=\"CC\">Cocos (Keeling) Islands<\/option><option value=\"CO\">Colombia<\/option><option value=\"KM\">Comoros<\/option><option value=\"CG\">Congo &#8211; Brazzaville<\/option><option value=\"CD\">Congo &#8211; Kinshasa<\/option><option value=\"CK\">Cook Islands<\/option><option value=\"CR\">Costa Rica<\/option><option value=\"CI\">C\u00f4te d\u2019Ivoire<\/option><option value=\"HR\">Croatia<\/option><option value=\"CU\">Cuba<\/option><option value=\"CW\">Cura\u00e7ao<\/option><option value=\"CY\">Cyprus<\/option><option value=\"CZ\">Czechia<\/option><option value=\"DK\">Denmark<\/option><option value=\"DG\">Diego Garcia<\/option><option value=\"DJ\">Djibouti<\/option><option value=\"DM\">Dominica<\/option><option value=\"DO\">Dominican Republic<\/option><option value=\"EC\">Ecuador<\/option><option value=\"EG\">Egypt<\/option><option value=\"SV\">El Salvador<\/option><option value=\"GQ\">Equatorial Guinea<\/option><option value=\"ER\">Eritrea<\/option><option value=\"EE\">Estonia<\/option><option value=\"SZ\">Eswatini<\/option><option value=\"ET\">Ethiopia<\/option><option value=\"FK\">Falkland Islands<\/option><option value=\"FO\">Faroe Islands<\/option><option value=\"FJ\">Fiji<\/option><option value=\"FI\">Finland<\/option><option value=\"GF\">French Guiana<\/option><option value=\"PF\">French Polynesia<\/option><option value=\"TF\">French Southern Territories<\/option><option value=\"GA\">Gabon<\/option><option value=\"GM\">Gambia<\/option><option value=\"GE\">Georgia<\/option><option value=\"GH\">Ghana<\/option><option value=\"GI\">Gibraltar<\/option><option value=\"GR\">Greece<\/option><option value=\"GL\">Greenland<\/option><option value=\"GD\">Grenada<\/option><option value=\"GP\">Guadeloupe<\/option><option value=\"GU\">Guam<\/option><option value=\"GT\">Guatemala<\/option><option value=\"GG\">Guernsey<\/option><option value=\"GN\">Guinea<\/option><option value=\"GW\">Guinea-Bissau<\/option><option value=\"GY\">Guyana<\/option><option value=\"HT\">Haiti<\/option><option value=\"HN\">Honduras<\/option><option value=\"HK\">Hong Kong SAR China<\/option><option value=\"HU\">Hungary<\/option><option value=\"IS\">Iceland<\/option><option value=\"IN\">India<\/option><option value=\"ID\">Indonesia<\/option><option value=\"IR\">Iran<\/option><option value=\"IQ\">Iraq<\/option><option value=\"IE\">Ireland<\/option><option value=\"IM\">Isle of Man<\/option><option value=\"IL\">Israel<\/option><option value=\"JM\">Jamaica<\/option><option value=\"JP\">Japan<\/option><option value=\"JE\">Jersey<\/option><option value=\"JO\">Jordan<\/option><option value=\"KZ\">Kazakhstan<\/option><option value=\"KE\">Kenya<\/option><option value=\"KI\">Kiribati<\/option><option value=\"XK\">Kosovo<\/option><option value=\"KW\">Kuwait<\/option><option value=\"KG\">Kyrgyzstan<\/option><option value=\"LA\">Laos<\/option><option value=\"LV\">Latvia<\/option><option value=\"LB\">Lebanon<\/option><option value=\"LS\">Lesotho<\/option><option value=\"LR\">Liberia<\/option><option value=\"LY\">Libya<\/option><option value=\"LI\">Liechtenstein<\/option><option value=\"LT\">Lithuania<\/option><option value=\"LU\">Luxembourg<\/option><option value=\"MO\">Macao SAR China<\/option><option value=\"MG\">Madagascar<\/option><option value=\"MW\">Malawi<\/option><option value=\"MY\">Malaysia<\/option><option value=\"MV\">Maldives<\/option><option value=\"ML\">Mali<\/option><option value=\"MT\">Malta<\/option><option value=\"MH\">Marshall Islands<\/option><option value=\"MQ\">Martinique<\/option><option value=\"MR\">Mauritania<\/option><option value=\"MU\">Mauritius<\/option><option value=\"YT\">Mayotte<\/option><option value=\"MX\">Mexico<\/option><option value=\"FM\">Micronesia<\/option><option value=\"MD\">Moldova<\/option><option value=\"MC\">Monaco<\/option><option value=\"MN\">Mongolia<\/option><option value=\"ME\">Montenegro<\/option><option value=\"MS\">Montserrat<\/option><option value=\"MA\">Morocco<\/option><option value=\"MZ\">Mozambique<\/option><option value=\"MM\">Myanmar (Burma)<\/option><option value=\"NA\">Namibia<\/option><option value=\"NR\">Nauru<\/option><option value=\"NP\">Nepal<\/option><option value=\"NL\">Netherlands<\/option><option value=\"NC\">New Caledonia<\/option><option value=\"NZ\">New Zealand<\/option><option value=\"NI\">Nicaragua<\/option><option value=\"NE\">Niger<\/option><option value=\"NG\">Nigeria<\/option><option value=\"NU\">Niue<\/option><option value=\"NF\">Norfolk Island<\/option><option value=\"KP\">North Korea<\/option><option value=\"MK\">North Macedonia<\/option><option value=\"MP\">Northern Mariana Islands<\/option><option value=\"NO\">Norway<\/option><option value=\"OM\">Oman<\/option><option value=\"PK\">Pakistan<\/option><option value=\"PW\">Palau<\/option><option value=\"PS\">Palestinian Territories<\/option><option value=\"PA\">Panama<\/option><option value=\"PG\">Papua New Guinea<\/option><option value=\"PY\">Paraguay<\/option><option value=\"PE\">Peru<\/option><option value=\"PH\">Philippines<\/option><option value=\"PN\">Pitcairn Islands<\/option><option value=\"PL\">Poland<\/option><option value=\"PT\">Portugal<\/option><option value=\"XA\">Pseudo-Accents<\/option><option value=\"XB\">Pseudo-Bidi<\/option><option value=\"PR\">Puerto Rico<\/option><option value=\"QA\">Qatar<\/option><option value=\"RE\">R\u00e9union<\/option><option value=\"RO\">Romania<\/option><option value=\"RU\">Russia<\/option><option value=\"RW\">Rwanda<\/option><option value=\"WS\">Samoa<\/option><option value=\"SM\">San Marino<\/option><option value=\"ST\">S\u00e3o Tom\u00e9 &amp; Pr\u00edncipe<\/option><option value=\"SA\">Saudi Arabia<\/option><option value=\"SN\">Senegal<\/option><option value=\"RS\">Serbia<\/option><option value=\"SC\">Seychelles<\/option><option value=\"SL\">Sierra Leone<\/option><option value=\"SG\">Singapore<\/option><option value=\"SX\">Sint Maarten<\/option><option value=\"SK\">Slovakia<\/option><option value=\"SI\">Slovenia<\/option><option value=\"SB\">Solomon Islands<\/option><option value=\"SO\">Somalia<\/option><option value=\"ZA\">South Africa<\/option><option value=\"GS\">South Georgia &amp; South Sandwich Islands<\/option><option value=\"KR\">South Korea<\/option><option value=\"SS\">South Sudan<\/option><option value=\"ES\">Spain<\/option><option value=\"LK\">Sri Lanka<\/option><option value=\"BL\">St. Barth\u00e9lemy<\/option><option value=\"SH\">St. Helena<\/option><option value=\"KN\">St. Kitts &amp; Nevis<\/option><option value=\"LC\">St. Lucia<\/option><option value=\"MF\">St. Martin<\/option><option value=\"PM\">St. Pierre &amp; Miquelon<\/option><option value=\"VC\">St. Vincent &amp; Grenadines<\/option><option value=\"SD\">Sudan<\/option><option value=\"SR\">Suriname<\/option><option value=\"SJ\">Svalbard &amp; Jan Mayen<\/option><option value=\"SE\">Sweden<\/option><option value=\"SY\">Syria<\/option><option value=\"TW\">Taiwan<\/option><option value=\"TJ\">Tajikistan<\/option><option value=\"TZ\">Tanzania<\/option><option value=\"TH\">Thailand<\/option><option value=\"TL\">Timor-Leste<\/option><option value=\"TG\">Togo<\/option><option value=\"TK\">Tokelau<\/option><option value=\"TO\">Tonga<\/option><option value=\"TT\">Trinidad &amp; Tobago<\/option><option value=\"TA\">Tristan da Cunha<\/option><option value=\"TN\">Tunisia<\/option><option value=\"TR\">Turkey<\/option><option value=\"TM\">Turkmenistan<\/option><option value=\"TC\">Turks &amp; Caicos Islands<\/option><option value=\"TV\">Tuvalu<\/option><option value=\"UM\">U.S. Outlying Islands<\/option><option value=\"VI\">U.S. Virgin Islands<\/option><option value=\"UG\">Uganda<\/option><option value=\"UA\">Ukraine<\/option><option value=\"AE\">United Arab Emirates<\/option><option value=\"UY\">Uruguay<\/option><option value=\"UZ\">Uzbekistan<\/option><option value=\"VU\">Vanuatu<\/option><option value=\"VA\">Vatican City<\/option><option value=\"VE\">Venezuela<\/option><option value=\"VN\">Vietnam<\/option><option value=\"WF\">Wallis &amp; Futuna<\/option><option value=\"EH\">Western Sahara<\/option><option value=\"YE\">Yemen<\/option><option value=\"ZM\">Zambia<\/option><option value=\"ZW\">Zimbabwe<\/option><\/select>\n<\/div>\n<div class=\"field_container contact_field_container\"\n     id=\"contact_field_standard_language_container\"><br \/>\n            <label for=\"data_contact_standard_language\">Main language    <span class=\"required\">*<\/span><\/label><\/p>\n<ul class=\"field_errors\"><\/ul>\n<p>    <select     id=\"data_contact_standard_language\" name=\"data[contact][standard_language]\" required=\"required\"><option value=\"en\" selected=\"selected\">English<\/option><option value=\"de\">German<\/option><\/select>\n<\/div>\n<div class=\"field_container custom_field_container customfield_type_boolean\"\n     id=\"custom_field_14_container\"><br \/>\n            <label for=\"data_contact_customfield_values_8_content\">Especially interested in photography<\/label><\/p>\n<ul class=\"field_errors\"><\/ul>\n<p>    <input type=\"checkbox\"     id=\"data_contact_customfield_values_8_content\" name=\"data[contact][customfield_values][8][content]\" value=\"1\">\n<\/div>\n<div class=\"field_container custom_field_container customfield_type_boolean\"\n     id=\"custom_field_39_container\"><br \/>\n            <label for=\"data_contact_customfield_values_32_content\">Especially interested in painting<\/label><\/p>\n<ul class=\"field_errors\"><\/ul>\n<p>    <input type=\"checkbox\"     id=\"data_contact_customfield_values_32_content\" name=\"data[contact][customfield_values][32][content]\" value=\"1\">\n<\/div>\n<div class=\"field_container custom_field_container customfield_type_boolean\"\n     id=\"custom_field_40_container\"><br \/>\n            <label for=\"data_contact_customfield_values_33_content\">General interest in gallery information<\/label><\/p>\n<ul class=\"field_errors\"><\/ul>\n<p>    <input type=\"checkbox\"     id=\"data_contact_customfield_values_33_content\" name=\"data[contact][customfield_values][33][content]\" value=\"1\">\n<\/div>\n<div class=\"submit_container\">\n    <input class=\"submit_button\" id=\"submit_button_42\" type=\"submit\" value=\"Subscribe\">\n<\/div>\n<\/p><\/div>\n<p>        <input type=\"hidden\"     id=\"data_form_version\" name=\"data[form_version]\" value=\"5_0\" ><br \/>\n    <input type=\"hidden\" id=\"data_form_validate_data\" name=\"form_validate_data\"\n           value='{\"data_contact_title\":{\"constrains\":{\"required\":true},\"transformer\":\"select\"},\"data_contact_standard_language\":{\"constrains\":{\"required\":true}},\"data_contact_email\":{\"constrains\":{\"required\":true}},\"data_contact_company\":{\"constrains\":[]},\"data_contact_firstname\":{\"constrains\":{\"required\":true}},\"data_contact_lastname\":{\"constrains\":{\"required\":true}},\"data_contact_country\":{\"constrains\":{\"required\":true}},\"data_contact_customfield_values_8_content\":{\"constrains\":[],\"transformer\":\"checkbox\"},\"data_contact_customfield_values_32_content\":{\"constrains\":[],\"transformer\":\"checkbox\"},\"data_contact_customfield_values_33_content\":{\"constrains\":[],\"transformer\":\"checkbox\"}}'><br \/>\n    <input type=\"hidden\"     id=\"data_form_id\" name=\"data[form_id]\" value=\"2\" ><br \/>\n    <input type=\"hidden\"     id=\"data_form_language\" name=\"data[form_language]\" value=\"en\" ><br \/>\n<\/form>\n","protected":false},"excerpt":{"rendered":"<p>Subscribe<\/p>\n<\/p>\n<p>            E-mail address    *<\/p>\n<p>            Title    *<\/p>\n<p>  &hellip;<\/p>\n","protected":false},"author":4,"featured_media":0,"parent":276,"menu_order":20,"comment_status":"closed","ping_status":"closed","template":"page-without-title.php","meta":{"_acf_changed":false,"_uag_custom_page_level_css":"","_monsterinsights_skip_tracking":false,"_monsterinsights_sitenote_active":false,"_monsterinsights_sitenote_note":"","_monsterinsights_sitenote_category":0,"footnotes":""},"class_list":["post-294","page","type-page","status-publish","hentry"],"acf":[],"yoast_head":"<!-- This site is optimized with the Yoast SEO plugin v27.4 - https:\/\/yoast.com\/product\/yoast-seo-wordpress\/ -->\n<title>Newsletter - Fabian &amp; Claude Walter Galerie<\/title>\n<meta name=\"robots\" content=\"index, follow, max-snippet:-1, max-image-preview:large, max-video-preview:-1\" \/>\n<link rel=\"canonical\" href=\"https:\/\/fabian-claude-walter.com\/en\/contact\/newsletter\/\" \/>\n<meta property=\"og:locale\" content=\"en_US\" \/>\n<meta property=\"og:type\" content=\"article\" \/>\n<meta property=\"og:title\" content=\"Newsletter - Fabian &amp; Claude Walter Galerie\" \/>\n<meta property=\"og:description\" content=\"Subscribe          E-mail address  *           Title  *  &hellip;\" \/>\n<meta property=\"og:url\" content=\"https:\/\/fabian-claude-walter.com\/en\/contact\/newsletter\/\" \/>\n<meta property=\"og:site_name\" content=\"Fabian &amp; Claude Walter\" \/>\n<meta property=\"article:modified_time\" content=\"2020-05-07T20:22:16+00:00\" \/>\n<meta name=\"twitter:label1\" content=\"Est. reading time\" \/>\n\t<meta name=\"twitter:data1\" content=\"1 minute\" \/>\n<script type=\"application\/ld+json\" class=\"yoast-schema-graph\">{\"@context\":\"https:\\\/\\\/schema.org\",\"@graph\":[{\"@type\":\"WebPage\",\"@id\":\"https:\\\/\\\/fabian-claude-walter.com\\\/en\\\/contact\\\/newsletter\\\/\",\"url\":\"https:\\\/\\\/fabian-claude-walter.com\\\/en\\\/contact\\\/newsletter\\\/\",\"name\":\"Newsletter - Fabian &amp; Claude Walter Galerie\",\"isPartOf\":{\"@id\":\"https:\\\/\\\/fabian-claude-walter.com\\\/en\\\/#website\"},\"datePublished\":\"2013-03-16T21:33:28+00:00\",\"dateModified\":\"2020-05-07T20:22:16+00:00\",\"breadcrumb\":{\"@id\":\"https:\\\/\\\/fabian-claude-walter.com\\\/en\\\/contact\\\/newsletter\\\/#breadcrumb\"},\"inLanguage\":\"en-US\",\"potentialAction\":[{\"@type\":\"ReadAction\",\"target\":[\"https:\\\/\\\/fabian-claude-walter.com\\\/en\\\/contact\\\/newsletter\\\/\"]}]},{\"@type\":\"BreadcrumbList\",\"@id\":\"https:\\\/\\\/fabian-claude-walter.com\\\/en\\\/contact\\\/newsletter\\\/#breadcrumb\",\"itemListElement\":[{\"@type\":\"ListItem\",\"position\":1,\"name\":\"Contact\",\"item\":\"https:\\\/\\\/fabian-claude-walter.com\\\/en\\\/contact\\\/\"},{\"@type\":\"ListItem\",\"position\":2,\"name\":\"Newsletter\"}]},{\"@type\":\"WebSite\",\"@id\":\"https:\\\/\\\/fabian-claude-walter.com\\\/en\\\/#website\",\"url\":\"https:\\\/\\\/fabian-claude-walter.com\\\/en\\\/\",\"name\":\"Fabian &amp; Claude Walter\",\"description\":\"Galerie\",\"potentialAction\":[{\"@type\":\"SearchAction\",\"target\":{\"@type\":\"EntryPoint\",\"urlTemplate\":\"https:\\\/\\\/fabian-claude-walter.com\\\/en\\\/?s={search_term_string}\"},\"query-input\":{\"@type\":\"PropertyValueSpecification\",\"valueRequired\":true,\"valueName\":\"search_term_string\"}}],\"inLanguage\":\"en-US\"}]}<\/script>\n<!-- \/ Yoast SEO plugin. -->","yoast_head_json":{"title":"Newsletter - Fabian &amp; Claude Walter Galerie","robots":{"index":"index","follow":"follow","max-snippet":"max-snippet:-1","max-image-preview":"max-image-preview:large","max-video-preview":"max-video-preview:-1"},"canonical":"https:\/\/fabian-claude-walter.com\/en\/contact\/newsletter\/","og_locale":"en_US","og_type":"article","og_title":"Newsletter - Fabian &amp; Claude Walter Galerie","og_description":"Subscribe          E-mail address  *           Title  *  &hellip;","og_url":"https:\/\/fabian-claude-walter.com\/en\/contact\/newsletter\/","og_site_name":"Fabian &amp; Claude Walter","article_modified_time":"2020-05-07T20:22:16+00:00","twitter_misc":{"Est. reading time":"1 minute"},"schema":{"@context":"https:\/\/schema.org","@graph":[{"@type":"WebPage","@id":"https:\/\/fabian-claude-walter.com\/en\/contact\/newsletter\/","url":"https:\/\/fabian-claude-walter.com\/en\/contact\/newsletter\/","name":"Newsletter - Fabian &amp; Claude Walter Galerie","isPartOf":{"@id":"https:\/\/fabian-claude-walter.com\/en\/#website"},"datePublished":"2013-03-16T21:33:28+00:00","dateModified":"2020-05-07T20:22:16+00:00","breadcrumb":{"@id":"https:\/\/fabian-claude-walter.com\/en\/contact\/newsletter\/#breadcrumb"},"inLanguage":"en-US","potentialAction":[{"@type":"ReadAction","target":["https:\/\/fabian-claude-walter.com\/en\/contact\/newsletter\/"]}]},{"@type":"BreadcrumbList","@id":"https:\/\/fabian-claude-walter.com\/en\/contact\/newsletter\/#breadcrumb","itemListElement":[{"@type":"ListItem","position":1,"name":"Contact","item":"https:\/\/fabian-claude-walter.com\/en\/contact\/"},{"@type":"ListItem","position":2,"name":"Newsletter"}]},{"@type":"WebSite","@id":"https:\/\/fabian-claude-walter.com\/en\/#website","url":"https:\/\/fabian-claude-walter.com\/en\/","name":"Fabian &amp; Claude Walter","description":"Galerie","potentialAction":[{"@type":"SearchAction","target":{"@type":"EntryPoint","urlTemplate":"https:\/\/fabian-claude-walter.com\/en\/?s={search_term_string}"},"query-input":{"@type":"PropertyValueSpecification","valueRequired":true,"valueName":"search_term_string"}}],"inLanguage":"en-US"}]}},"uagb_featured_image_src":{"full":false,"thumbnail":false,"medium":false,"medium_large":false,"large":false,"1536x1536":false,"2048x2048":false,"post-thumbnail":false,"homepage-thumb":false,"fcw-medium":false,"fcw-medium-height":false,"fcw-large":false,"fcw-large-height":false,"fcw-full":false,"fcw-full-medium-height":false,"homepage-thumb-crop1":false,"homepage-thumb-crop2":false,"homepage-thumb-crop3":false},"uagb_author_info":{"display_name":"brogramming","author_link":"https:\/\/fabian-claude-walter.com\/en\/author\/brogr-2\/"},"uagb_comment_info":0,"uagb_excerpt":"Subscribe E-mail address * Title * &hellip;","_links":{"self":[{"href":"https:\/\/fabian-claude-walter.com\/en\/wp-json\/wp\/v2\/pages\/294","targetHints":{"allow":["GET"]}}],"collection":[{"href":"https:\/\/fabian-claude-walter.com\/en\/wp-json\/wp\/v2\/pages"}],"about":[{"href":"https:\/\/fabian-claude-walter.com\/en\/wp-json\/wp\/v2\/types\/page"}],"author":[{"embeddable":true,"href":"https:\/\/fabian-claude-walter.com\/en\/wp-json\/wp\/v2\/users\/4"}],"replies":[{"embeddable":true,"href":"https:\/\/fabian-claude-walter.com\/en\/wp-json\/wp\/v2\/comments?post=294"}],"version-history":[{"count":14,"href":"https:\/\/fabian-claude-walter.com\/en\/wp-json\/wp\/v2\/pages\/294\/revisions"}],"predecessor-version":[{"id":13071,"href":"https:\/\/fabian-claude-walter.com\/en\/wp-json\/wp\/v2\/pages\/294\/revisions\/13071"}],"up":[{"embeddable":true,"href":"https:\/\/fabian-claude-walter.com\/en\/wp-json\/wp\/v2\/pages\/276"}],"wp:attachment":[{"href":"https:\/\/fabian-claude-walter.com\/en\/wp-json\/wp\/v2\/media?parent=294"}],"curies":[{"name":"wp","href":"https:\/\/api.w.org\/{rel}","templated":true}]}}