{"id":310,"date":"2013-03-03T00:29:54","date_gmt":"2013-03-02T23:29:54","guid":{"rendered":"http:\/\/fabian-claude-walter.com\/fcw\/?page_id=310"},"modified":"2017-05-08T11:56:45","modified_gmt":"2017-05-08T09:56:45","slug":"art-consulting","status":"publish","type":"page","link":"https:\/\/fabian-claude-walter.com\/en\/about\/art-consulting\/","title":{"rendered":"Art Consulting"},"content":{"rendered":"<h2>Maxim of Consultancy<\/h2>\n<p>For the past 25 years Fabian &amp; Claude Walter Galerie &amp; Art Consulting GmbH have been advising nationally and internationally active companies on questions relating to the integration of contemporary art into existing buildings or buildings still in the process of being constructed.<\/p>\n<p>For a discerning, innovative master plan the specific givens of locality, architecture and the functional importance of place are taken into consideration.<\/p>\n<p>In order to guarantee acceptance with users, clients and staff, our advisory service is carried out methodically and tailored to particular needs. Detailed concepts, budgets and schedules can thus be accurately planned and implemented.<\/p>\n<h2>Range of Consultancy<\/h2>\n<ol>\n<li>Reorganisation of existing collections<\/li>\n<li>Development and care of collections<\/li>\n<li>Archival storage of artworks<\/li>\n<li>Inventarisation of art collections in image databases<\/li>\n<li>Appraisal and evaluation of collections<\/li>\n<\/ol>\n<p>On behalf of awarding authorities, architects and communes we organise and realise architectural art competitions. We are responsible for the planning and accomplishment of competitions and accompany artists and architects to the timely completion of the architectural art project.<\/p>\n<p>Our employers can count on our utmost discretion and loyalty. Please do not hesitate to contact us, should you be interested in our services. We will be pleased to present to you by appointment our possibilities of an efficient consultancy tailored to your specific needs.<\/p>\n<h2>Selection of completed projects<\/h2>\n<p><strong>Architectural Art<\/strong><\/p>\n<p>SUVA Basel,\u00a0architecture by Herzog &amp; de Meuron. Artists: Thomas Ruff, Adrian Schiess.<br \/>\nBasellandschaftliche Kantonalbank (BLKB) Birsfelden,\u00a0architecture by\u00a0Nissen Wentzlaff Basel. Artists: Claudio Magoni, Enrique Fontanilles, Ren\u00e9 Pulfer, J\u00fcrg St\u00e4uble.\u00a0Basellandschaftliche Kantonalbank (BLKB), Binningen, Artists: Magoni-Born, Philipp Gasser, Betina Grossenbacher. Thurgauer Kantonalbank (TKB) Weinfelden, architecture\u00a0by Sp\u00fchler Partner Architekten, Z\u00fcrich, Artists: Ray Hegelbach und Othmar Eder.<\/p>\n<p><strong>Integration of Contemporary Art and Reorganisation of the Collection<\/strong><\/p>\n<p>Syngenta International AG\u00a0Basel, headquarters; Research Centre Stein am Rhein<br \/>\nBasellandschaftliche Kantonalbank (BLKB), headquarters Liestal<br \/>\nCoop Bank, head office Basel<br \/>\nSchweizerische National Leben AG, Bottmingen<br \/>\nCredit Suisse, Basel, Rheinfelden<\/p>\n<h2>Contact<\/h2>\n<p>Mr. Fabian Walter<br \/>\ngalerie@fabian-claude-walter.com<br \/>\n+ 41 (0)44 440 40 18<\/p>\n","protected":false},"excerpt":{"rendered":"<p>Maxim of Consultancy<\/p>\n<p>For the past 25 years Fabian &amp; Claude Walter Galerie &amp; Art Consulting GmbH have been advising nationally and internationally active companies on questions relating to the integration of contemporary art into existing buildings or buildings still in&hellip;<\/p>\n","protected":false},"author":4,"featured_media":0,"parent":305,"menu_order":2,"comment_status":"closed","ping_status":"closed","template":"page-without-title.php","meta":{"_acf_changed":false,"_uag_custom_page_level_css":"","_monsterinsights_skip_tracking":false,"_monsterinsights_sitenote_active":false,"_monsterinsights_sitenote_note":"","_monsterinsights_sitenote_category":0,"footnotes":""},"class_list":["post-310","page","type-page","status-publish","hentry"],"acf":[],"yoast_head":"<!-- This site is optimized with the Yoast SEO plugin v27.4 - https:\/\/yoast.com\/product\/yoast-seo-wordpress\/ -->\n<title>Art Consulting - Fabian &amp; Claude Walter Galerie<\/title>\n<meta name=\"description\" content=\"Art Consulting Fabian &amp; Claude Walter Galerie Zurich Switzerland\" \/>\n<meta name=\"robots\" content=\"index, follow, max-snippet:-1, max-image-preview:large, max-video-preview:-1\" \/>\n<link rel=\"canonical\" href=\"https:\/\/fabian-claude-walter.com\/en\/about\/art-consulting\/\" \/>\n<meta property=\"og:locale\" content=\"en_US\" \/>\n<meta property=\"og:type\" content=\"article\" \/>\n<meta property=\"og:title\" content=\"Art Consulting - Fabian &amp; Claude Walter Galerie\" \/>\n<meta property=\"og:description\" content=\"Art Consulting Fabian &amp; Claude Walter Galerie Zurich Switzerland\" \/>\n<meta property=\"og:url\" content=\"https:\/\/fabian-claude-walter.com\/en\/about\/art-consulting\/\" \/>\n<meta property=\"og:site_name\" content=\"Fabian &amp; Claude Walter\" \/>\n<meta property=\"article:modified_time\" content=\"2017-05-08T09:56:45+00:00\" \/>\n<meta name=\"twitter:label1\" content=\"Est. reading time\" \/>\n\t<meta name=\"twitter:data1\" content=\"2 minutes\" \/>\n<script type=\"application\/ld+json\" class=\"yoast-schema-graph\">{\"@context\":\"https:\\\/\\\/schema.org\",\"@graph\":[{\"@type\":\"WebPage\",\"@id\":\"https:\\\/\\\/fabian-claude-walter.com\\\/en\\\/about\\\/art-consulting\\\/\",\"url\":\"https:\\\/\\\/fabian-claude-walter.com\\\/en\\\/about\\\/art-consulting\\\/\",\"name\":\"Art Consulting - Fabian &amp; Claude Walter Galerie\",\"isPartOf\":{\"@id\":\"https:\\\/\\\/fabian-claude-walter.com\\\/en\\\/#website\"},\"datePublished\":\"2013-03-02T23:29:54+00:00\",\"dateModified\":\"2017-05-08T09:56:45+00:00\",\"description\":\"Art Consulting Fabian & Claude Walter Galerie Zurich Switzerland\",\"breadcrumb\":{\"@id\":\"https:\\\/\\\/fabian-claude-walter.com\\\/en\\\/about\\\/art-consulting\\\/#breadcrumb\"},\"inLanguage\":\"en-US\",\"potentialAction\":[{\"@type\":\"ReadAction\",\"target\":[\"https:\\\/\\\/fabian-claude-walter.com\\\/en\\\/about\\\/art-consulting\\\/\"]}]},{\"@type\":\"BreadcrumbList\",\"@id\":\"https:\\\/\\\/fabian-claude-walter.com\\\/en\\\/about\\\/art-consulting\\\/#breadcrumb\",\"itemListElement\":[{\"@type\":\"ListItem\",\"position\":1,\"name\":\"About\",\"item\":\"https:\\\/\\\/fabian-claude-walter.com\\\/en\\\/about\\\/\"},{\"@type\":\"ListItem\",\"position\":2,\"name\":\"Art Consulting\"}]},{\"@type\":\"WebSite\",\"@id\":\"https:\\\/\\\/fabian-claude-walter.com\\\/en\\\/#website\",\"url\":\"https:\\\/\\\/fabian-claude-walter.com\\\/en\\\/\",\"name\":\"Fabian &amp; Claude Walter\",\"description\":\"Galerie\",\"potentialAction\":[{\"@type\":\"SearchAction\",\"target\":{\"@type\":\"EntryPoint\",\"urlTemplate\":\"https:\\\/\\\/fabian-claude-walter.com\\\/en\\\/?s={search_term_string}\"},\"query-input\":{\"@type\":\"PropertyValueSpecification\",\"valueRequired\":true,\"valueName\":\"search_term_string\"}}],\"inLanguage\":\"en-US\"}]}<\/script>\n<!-- \/ Yoast SEO plugin. -->","yoast_head_json":{"title":"Art Consulting - Fabian &amp; Claude Walter Galerie","description":"Art Consulting Fabian & Claude Walter Galerie Zurich Switzerland","robots":{"index":"index","follow":"follow","max-snippet":"max-snippet:-1","max-image-preview":"max-image-preview:large","max-video-preview":"max-video-preview:-1"},"canonical":"https:\/\/fabian-claude-walter.com\/en\/about\/art-consulting\/","og_locale":"en_US","og_type":"article","og_title":"Art Consulting - Fabian &amp; Claude Walter Galerie","og_description":"Art Consulting Fabian & Claude Walter Galerie Zurich Switzerland","og_url":"https:\/\/fabian-claude-walter.com\/en\/about\/art-consulting\/","og_site_name":"Fabian &amp; Claude Walter","article_modified_time":"2017-05-08T09:56:45+00:00","twitter_misc":{"Est. reading time":"2 minutes"},"schema":{"@context":"https:\/\/schema.org","@graph":[{"@type":"WebPage","@id":"https:\/\/fabian-claude-walter.com\/en\/about\/art-consulting\/","url":"https:\/\/fabian-claude-walter.com\/en\/about\/art-consulting\/","name":"Art Consulting - Fabian &amp; Claude Walter Galerie","isPartOf":{"@id":"https:\/\/fabian-claude-walter.com\/en\/#website"},"datePublished":"2013-03-02T23:29:54+00:00","dateModified":"2017-05-08T09:56:45+00:00","description":"Art Consulting Fabian & Claude Walter Galerie Zurich Switzerland","breadcrumb":{"@id":"https:\/\/fabian-claude-walter.com\/en\/about\/art-consulting\/#breadcrumb"},"inLanguage":"en-US","potentialAction":[{"@type":"ReadAction","target":["https:\/\/fabian-claude-walter.com\/en\/about\/art-consulting\/"]}]},{"@type":"BreadcrumbList","@id":"https:\/\/fabian-claude-walter.com\/en\/about\/art-consulting\/#breadcrumb","itemListElement":[{"@type":"ListItem","position":1,"name":"About","item":"https:\/\/fabian-claude-walter.com\/en\/about\/"},{"@type":"ListItem","position":2,"name":"Art Consulting"}]},{"@type":"WebSite","@id":"https:\/\/fabian-claude-walter.com\/en\/#website","url":"https:\/\/fabian-claude-walter.com\/en\/","name":"Fabian &amp; Claude Walter","description":"Galerie","potentialAction":[{"@type":"SearchAction","target":{"@type":"EntryPoint","urlTemplate":"https:\/\/fabian-claude-walter.com\/en\/?s={search_term_string}"},"query-input":{"@type":"PropertyValueSpecification","valueRequired":true,"valueName":"search_term_string"}}],"inLanguage":"en-US"}]}},"uagb_featured_image_src":{"full":false,"thumbnail":false,"medium":false,"medium_large":false,"large":false,"1536x1536":false,"2048x2048":false,"post-thumbnail":false,"homepage-thumb":false,"fcw-medium":false,"fcw-medium-height":false,"fcw-large":false,"fcw-large-height":false,"fcw-full":false,"fcw-full-medium-height":false,"homepage-thumb-crop1":false,"homepage-thumb-crop2":false,"homepage-thumb-crop3":false},"uagb_author_info":{"display_name":"brogramming","author_link":"https:\/\/fabian-claude-walter.com\/en\/author\/brogr-2\/"},"uagb_comment_info":0,"uagb_excerpt":"Maxim of Consultancy For the past 25 years Fabian &amp; Claude Walter Galerie &amp; Art Consulting GmbH have been advising nationally and internationally active companies on questions relating to the integration of contemporary art into existing buildings or buildings still in&hellip;","_links":{"self":[{"href":"https:\/\/fabian-claude-walter.com\/en\/wp-json\/wp\/v2\/pages\/310","targetHints":{"allow":["GET"]}}],"collection":[{"href":"https:\/\/fabian-claude-walter.com\/en\/wp-json\/wp\/v2\/pages"}],"about":[{"href":"https:\/\/fabian-claude-walter.com\/en\/wp-json\/wp\/v2\/types\/page"}],"author":[{"embeddable":true,"href":"https:\/\/fabian-claude-walter.com\/en\/wp-json\/wp\/v2\/users\/4"}],"replies":[{"embeddable":true,"href":"https:\/\/fabian-claude-walter.com\/en\/wp-json\/wp\/v2\/comments?post=310"}],"version-history":[{"count":8,"href":"https:\/\/fabian-claude-walter.com\/en\/wp-json\/wp\/v2\/pages\/310\/revisions"}],"predecessor-version":[{"id":6716,"href":"https:\/\/fabian-claude-walter.com\/en\/wp-json\/wp\/v2\/pages\/310\/revisions\/6716"}],"up":[{"embeddable":true,"href":"https:\/\/fabian-claude-walter.com\/en\/wp-json\/wp\/v2\/pages\/305"}],"wp:attachment":[{"href":"https:\/\/fabian-claude-walter.com\/en\/wp-json\/wp\/v2\/media?parent=310"}],"curies":[{"name":"wp","href":"https:\/\/api.w.org\/{rel}","templated":true}]}}